{"id":11,"date":"2025-07-24T01:31:38","date_gmt":"2025-07-23T22:31:38","guid":{"rendered":"https:\/\/www.yolcunakliyat.com\/?page_id=11"},"modified":"2025-07-24T02:21:56","modified_gmt":"2025-07-23T23:21:56","slug":"hakkimizda","status":"publish","type":"page","link":"https:\/\/www.yolcunakliyat.com\/?page_id=11","title":{"rendered":"Hakk\u0131m\u0131zda"},"content":{"rendered":"\n<p>Yolcu Nakliyat \u2013 Ta\u015f\u0131nman\u0131n En G\u00fcvenilir Hali<\/p>\n\n\n\n<p><strong>Yolcu Nakliyat<\/strong> <mark style=\"background-color:rgba(0, 0, 0, 0)\" class=\"has-inline-color has-vivid-red-color\">olarak, y\u0131llar\u0131n verdi\u011fi tecr\u00fcbe ve g\u00fcven ile \u015fehir i\u00e7i ve \u015fehirler aras\u0131 ta\u015f\u0131mac\u0131l\u0131k hizmetlerinde \u00f6nc\u00fc firmalardan biri olman\u0131n gururunu ya\u015f\u0131yoruz. M\u00fc\u015fteri memnuniyetini her zaman \u00f6n planda tutan firmam\u0131z, bireysel ve kurumsal ta\u015f\u0131mac\u0131l\u0131kta kaliteli, h\u0131zl\u0131 ve g\u00fcvenilir \u00e7\u00f6z\u00fcmler sunmaktad\u0131r.<\/mark><\/p>\n\n\n\n<p><mark style=\"background-color:rgba(0, 0, 0, 0)\" class=\"has-inline-color has-vivid-red-color\">Evden eve nakliyat, ofis ta\u015f\u0131mac\u0131l\u0131\u011f\u0131, par\u00e7a e\u015fya ta\u015f\u0131ma ve depolama hizmetleri gibi bir\u00e7ok alanda profesyonel ekibimizle hizmet veriyoruz. E\u015fyalar\u0131n\u0131z\u0131 kendi e\u015fyam\u0131z gibi \u00f6zenle paketliyor, ta\u015f\u0131yor ve yerle\u015ftiriyoruz.<\/mark><\/p>\n\n\n\n<p><mark style=\"background-color:rgba(0, 0, 0, 0)\" class=\"has-inline-color has-vivid-red-color\">Modern ara\u00e7 filomuz, deneyimli kadromuz ve  ile ta\u015f\u0131nman\u0131n t\u00fcm stresini ortadan kald\u0131r\u0131yoruz. Ta\u015f\u0131nmak sizin i\u00e7in bir zorluk de\u011fil, bizimle kolay ve keyifli bir s\u00fcrece d\u00f6n\u00fc\u015f\u00fcyor.<\/mark><\/p>\n\n\n\n<p><\/p>\n","protected":false},"excerpt":{"rendered":"<p>Yolcu Nakliyat \u2013 Ta\u015f\u0131nman\u0131n En G\u00fcvenilir Hali Yolcu Nakliyat olarak, y\u0131llar\u0131n verdi\u011fi tecr\u00fcbe ve g\u00fcven ile \u015fehir i\u00e7i ve \u015fehirler&hellip;<\/p>\n","protected":false},"author":1,"featured_media":0,"parent":0,"menu_order":0,"comment_status":"closed","ping_status":"closed","template":"","meta":{"_acf_changed":false,"footnotes":""},"class_list":["post-11","page","type-page","status-publish","hentry"],"acf":[],"_links":{"self":[{"href":"https:\/\/www.yolcunakliyat.com\/index.php?rest_route=\/wp\/v2\/pages\/11","targetHints":{"allow":["GET"]}}],"collection":[{"href":"https:\/\/www.yolcunakliyat.com\/index.php?rest_route=\/wp\/v2\/pages"}],"about":[{"href":"https:\/\/www.yolcunakliyat.com\/index.php?rest_route=\/wp\/v2\/types\/page"}],"author":[{"embeddable":true,"href":"https:\/\/www.yolcunakliyat.com\/index.php?rest_route=\/wp\/v2\/users\/1"}],"replies":[{"embeddable":true,"href":"https:\/\/www.yolcunakliyat.com\/index.php?rest_route=%2Fwp%2Fv2%2Fcomments&post=11"}],"version-history":[{"count":3,"href":"https:\/\/www.yolcunakliyat.com\/index.php?rest_route=\/wp\/v2\/pages\/11\/revisions"}],"predecessor-version":[{"id":32,"href":"https:\/\/www.yolcunakliyat.com\/index.php?rest_route=\/wp\/v2\/pages\/11\/revisions\/32"}],"wp:attachment":[{"href":"https:\/\/www.yolcunakliyat.com\/index.php?rest_route=%2Fwp%2Fv2%2Fmedia&parent=11"}],"curies":[{"name":"wp","href":"https:\/\/api.w.org\/{rel}","templated":true}]}}