{"id":2,"date":"2025-07-24T00:57:37","date_gmt":"2025-07-23T21:57:37","guid":{"rendered":"https:\/\/www.yolcunakliyat.com\/?page_id=2"},"modified":"2025-07-24T02:17:31","modified_gmt":"2025-07-23T23:17:31","slug":"ornek-sayfa","status":"publish","type":"page","link":"https:\/\/www.yolcunakliyat.com\/?page_id=2","title":{"rendered":"\u0130leti\u015fim"},"content":{"rendered":"\n<p><\/p>\n\n\n\n<figure class=\"wp-block-gallery has-nested-images columns-default is-cropped wp-block-gallery-1 is-layout-flex wp-block-gallery-is-layout-flex\"><\/figure>\n\n\n\n<figure class=\"wp-block-image size-full is-resized is-style-default\"><img loading=\"lazy\" decoding=\"async\" width=\"2560\" height=\"2560\" src=\"https:\/\/www.yolcunakliyat.com\/wp-content\/uploads\/2025\/07\/konum-scaled.png\" alt=\"\" class=\"wp-image-14\" style=\"width:87px;height:auto\" srcset=\"https:\/\/www.yolcunakliyat.com\/wp-content\/uploads\/2025\/07\/konum-scaled.png 2560w, https:\/\/www.yolcunakliyat.com\/wp-content\/uploads\/2025\/07\/konum-300x300.png 300w, https:\/\/www.yolcunakliyat.com\/wp-content\/uploads\/2025\/07\/konum-1024x1024.png 1024w, https:\/\/www.yolcunakliyat.com\/wp-content\/uploads\/2025\/07\/konum-150x150.png 150w, https:\/\/www.yolcunakliyat.com\/wp-content\/uploads\/2025\/07\/konum-768x768.png 768w, https:\/\/www.yolcunakliyat.com\/wp-content\/uploads\/2025\/07\/konum-1536x1536.png 1536w, https:\/\/www.yolcunakliyat.com\/wp-content\/uploads\/2025\/07\/konum-2048x2048.png 2048w\" sizes=\"auto, (max-width: 2560px) 100vw, 2560px\" \/><\/figure>\n\n\n\n<p><strong>\u00c7EKMEK\u00d6Y\/\u0130STANBUL<\/strong><\/p>\n\n\n\n<figure class=\"wp-block-image size-large is-resized\"><img loading=\"lazy\" decoding=\"async\" width=\"1024\" height=\"1024\" src=\"https:\/\/www.yolcunakliyat.com\/wp-content\/uploads\/2025\/07\/mail.png\" alt=\"\" class=\"wp-image-20\" style=\"width:88px;height:auto\" srcset=\"https:\/\/www.yolcunakliyat.com\/wp-content\/uploads\/2025\/07\/mail.png 1024w, https:\/\/www.yolcunakliyat.com\/wp-content\/uploads\/2025\/07\/mail-300x300.png 300w, https:\/\/www.yolcunakliyat.com\/wp-content\/uploads\/2025\/07\/mail-150x150.png 150w, https:\/\/www.yolcunakliyat.com\/wp-content\/uploads\/2025\/07\/mail-768x768.png 768w\" sizes=\"auto, (max-width: 1024px) 100vw, 1024px\" \/><\/figure>\n\n\n\n<p><strong>info@yolcunakliyat.com<\/strong><\/p>\n\n\n\n<figure class=\"wp-block-gallery has-nested-images columns-default is-cropped wp-block-gallery-2 is-layout-flex wp-block-gallery-is-layout-flex\"><\/figure>\n\n\n\n<figure class=\"wp-block-image size-full is-resized\"><img loading=\"lazy\" decoding=\"async\" width=\"494\" height=\"493\" src=\"https:\/\/www.yolcunakliyat.com\/wp-content\/uploads\/2025\/07\/telefon.png\" alt=\"\" class=\"wp-image-22\" style=\"width:92px;height:auto\" srcset=\"https:\/\/www.yolcunakliyat.com\/wp-content\/uploads\/2025\/07\/telefon.png 494w, https:\/\/www.yolcunakliyat.com\/wp-content\/uploads\/2025\/07\/telefon-300x300.png 300w, https:\/\/www.yolcunakliyat.com\/wp-content\/uploads\/2025\/07\/telefon-150x150.png 150w\" sizes=\"auto, (max-width: 494px) 100vw, 494px\" \/><\/figure>\n\n\n\n<p><mark style=\"background-color:rgba(0, 0, 0, 0)\" class=\"has-inline-color has-black-color\"><strong>0551 646 70 03<\/strong><\/mark><\/p>\n\n\n\n<p><strong><mark style=\"background-color:rgba(0, 0, 0, 0)\" class=\"has-inline-color has-vivid-red-color\">0536 331 16 38<\/mark><\/strong><\/p>\n\n\n\n<p><strong><mark style=\"background-color:rgba(0, 0, 0, 0)\" class=\"has-inline-color has-vivid-red-color\">0536 957 07 79<\/mark><\/strong><\/p>\n\n\n\n<p><strong><mark style=\"background-color:rgba(0, 0, 0, 0)\" class=\"has-inline-color has-vivid-green-cyan-color\">Whatsapp \u0130leti\u015fim<\/mark><\/strong><\/p>\n\n\n\n<figure class=\"wp-block-image size-full is-resized\"><img loading=\"lazy\" decoding=\"async\" width=\"800\" height=\"800\" src=\"https:\/\/www.yolcunakliyat.com\/wp-content\/uploads\/2025\/07\/whatsapp.png\" alt=\"\" class=\"wp-image-28\" style=\"width:114px;height:auto\" srcset=\"https:\/\/www.yolcunakliyat.com\/wp-content\/uploads\/2025\/07\/whatsapp.png 800w, https:\/\/www.yolcunakliyat.com\/wp-content\/uploads\/2025\/07\/whatsapp-300x300.png 300w, https:\/\/www.yolcunakliyat.com\/wp-content\/uploads\/2025\/07\/whatsapp-150x150.png 150w, https:\/\/www.yolcunakliyat.com\/wp-content\/uploads\/2025\/07\/whatsapp-768x768.png 768w\" sizes=\"auto, (max-width: 800px) 100vw, 800px\" \/><\/figure>\n\n\n\n<p><a style=\"font-weight: bold;\" href=\"https:\/\/wa.me\/905516467003\"><mark style=\"background-color:rgba(0, 0, 0, 0)\" class=\"has-inline-color has-vivid-green-cyan-color\">0551 646 70 03<\/mark><\/a><\/p>\n\n\n\n<p><\/p>\n","protected":false},"excerpt":{"rendered":"<p>\u00c7EKMEK\u00d6Y\/\u0130STANBUL info@yolcunakliyat.com 0551 646 70 03 0536 331 16 38 0536 957 07 79 Whatsapp \u0130leti\u015fim 0551 646 70 03<\/p>\n","protected":false},"author":1,"featured_media":0,"parent":0,"menu_order":0,"comment_status":"closed","ping_status":"open","template":"","meta":{"_acf_changed":false,"footnotes":""},"class_list":["post-2","page","type-page","status-publish","hentry"],"acf":[],"_links":{"self":[{"href":"https:\/\/www.yolcunakliyat.com\/index.php?rest_route=\/wp\/v2\/pages\/2","targetHints":{"allow":["GET"]}}],"collection":[{"href":"https:\/\/www.yolcunakliyat.com\/index.php?rest_route=\/wp\/v2\/pages"}],"about":[{"href":"https:\/\/www.yolcunakliyat.com\/index.php?rest_route=\/wp\/v2\/types\/page"}],"author":[{"embeddable":true,"href":"https:\/\/www.yolcunakliyat.com\/index.php?rest_route=\/wp\/v2\/users\/1"}],"replies":[{"embeddable":true,"href":"https:\/\/www.yolcunakliyat.com\/index.php?rest_route=%2Fwp%2Fv2%2Fcomments&post=2"}],"version-history":[{"count":13,"href":"https:\/\/www.yolcunakliyat.com\/index.php?rest_route=\/wp\/v2\/pages\/2\/revisions"}],"predecessor-version":[{"id":30,"href":"https:\/\/www.yolcunakliyat.com\/index.php?rest_route=\/wp\/v2\/pages\/2\/revisions\/30"}],"wp:attachment":[{"href":"https:\/\/www.yolcunakliyat.com\/index.php?rest_route=%2Fwp%2Fv2%2Fmedia&parent=2"}],"curies":[{"name":"wp","href":"https:\/\/api.w.org\/{rel}","templated":true}]}}