{"id":33,"date":"2025-07-24T02:27:27","date_gmt":"2025-07-23T23:27:27","guid":{"rendered":"https:\/\/www.yolcunakliyat.com\/?page_id=33"},"modified":"2025-07-24T02:27:27","modified_gmt":"2025-07-23T23:27:27","slug":"hizmet-bolgelerimiz","status":"publish","type":"page","link":"https:\/\/www.yolcunakliyat.com\/?page_id=33","title":{"rendered":"Hizmet B\u00f6lgelerimiz"},"content":{"rendered":"\n<p><strong>T\u00fcm T\u00fcrkiye\u2019ye Ta\u015f\u0131mac\u0131l\u0131k Hizmeti<br>Yolcu Nakliyat olarak, sadece bulundu\u011fumuz \u015fehirle s\u0131n\u0131rl\u0131 kalm\u0131yor; T\u00fcrkiye\u2019nin d\u00f6rt bir yan\u0131na g\u00fcvenli ve h\u0131zl\u0131 ta\u015f\u0131mac\u0131l\u0131k hizmeti sunuyoruz. \u0130ster \u0130stanbul\u2019dan \u0130zmir\u2019e, ister Ankara\u2019dan Antalya\u2019ya\u2026 Hangi \u015fehirde olursan\u0131z olun, kaliteli hizmetimiz daima kap\u0131n\u0131zda!<\/strong><\/p>\n\n\n\n<p><strong>Geni\u015f ara\u00e7 filomuz ve profesyonel ekibimizle, \u015fehirler aras\u0131 nakliyat s\u00fcre\u00e7lerinizi sorunsuz ve zaman\u0131nda ger\u00e7ekle\u015ftiriyoruz. E\u015fyalar\u0131n\u0131z\u0131 A noktas\u0131ndan B noktas\u0131na g\u00fcvenle, eksiksiz ve hasars\u0131z \u015fekilde ula\u015ft\u0131rmak bizim i\u015fimiz.<\/strong><\/p>\n\n\n\n<p><strong>T\u00fcrkiye&#8217;nin neresinde olursan\u0131z olun, Yolcu Nakliyat her zaman bir telefon kadar yak\u0131n!<\/strong><\/p>\n\n\n\n<p><\/p>\n","protected":false},"excerpt":{"rendered":"<p>T\u00fcm T\u00fcrkiye\u2019ye Ta\u015f\u0131mac\u0131l\u0131k HizmetiYolcu Nakliyat olarak, sadece bulundu\u011fumuz \u015fehirle s\u0131n\u0131rl\u0131 kalm\u0131yor; T\u00fcrkiye\u2019nin d\u00f6rt bir yan\u0131na g\u00fcvenli ve h\u0131zl\u0131 ta\u015f\u0131mac\u0131l\u0131k hizmeti&hellip;<\/p>\n","protected":false},"author":1,"featured_media":0,"parent":0,"menu_order":0,"comment_status":"closed","ping_status":"closed","template":"","meta":{"_acf_changed":false,"footnotes":""},"class_list":["post-33","page","type-page","status-publish","hentry"],"acf":[],"_links":{"self":[{"href":"https:\/\/www.yolcunakliyat.com\/index.php?rest_route=\/wp\/v2\/pages\/33","targetHints":{"allow":["GET"]}}],"collection":[{"href":"https:\/\/www.yolcunakliyat.com\/index.php?rest_route=\/wp\/v2\/pages"}],"about":[{"href":"https:\/\/www.yolcunakliyat.com\/index.php?rest_route=\/wp\/v2\/types\/page"}],"author":[{"embeddable":true,"href":"https:\/\/www.yolcunakliyat.com\/index.php?rest_route=\/wp\/v2\/users\/1"}],"replies":[{"embeddable":true,"href":"https:\/\/www.yolcunakliyat.com\/index.php?rest_route=%2Fwp%2Fv2%2Fcomments&post=33"}],"version-history":[{"count":1,"href":"https:\/\/www.yolcunakliyat.com\/index.php?rest_route=\/wp\/v2\/pages\/33\/revisions"}],"predecessor-version":[{"id":34,"href":"https:\/\/www.yolcunakliyat.com\/index.php?rest_route=\/wp\/v2\/pages\/33\/revisions\/34"}],"wp:attachment":[{"href":"https:\/\/www.yolcunakliyat.com\/index.php?rest_route=%2Fwp%2Fv2%2Fmedia&parent=33"}],"curies":[{"name":"wp","href":"https:\/\/api.w.org\/{rel}","templated":true}]}}